{"id":390,"date":"2025-12-09T13:04:08","date_gmt":"2025-12-09T13:04:08","guid":{"rendered":"https:\/\/www.rulesswaste.com\/resultados\/"},"modified":"2025-12-16T06:46:48","modified_gmt":"2025-12-16T06:46:48","slug":"resultados","status":"publish","type":"page","link":"https:\/\/www.rulesswaste.com\/es\/resultados\/","title":{"rendered":"resultados"},"content":{"rendered":"<p>[et_pb_section fb_built=\u00bb1&#8243; admin_label=\u00bbHeader\u00bb _builder_version=\u00bb4.20.0&#8243; _module_preset=\u00bbdefault\u00bb background_color=\u00bbgcid-37cbb015-7589-42e9-be9a-4f1c83f29293&#8243; custom_padding=\u00bb||0px|||\u00bb border_color_all=\u00bb#000000&#8243; border_width_bottom=\u00bb8px\u00bb locked=\u00bboff\u00bb collapsed=\u00bbon\u00bb global_colors_info=\u00bb{%22gcid-37cbb015-7589-42e9-be9a-4f1c83f29293%22:%91%22background_color%22%93}\u00bb][et_pb_row _builder_version=\u00bb4.20.0&#8243; _module_preset=\u00bbdefault\u00bb width=\u00bb90%\u00bb max_width=\u00bbnone\u00bb global_colors_info=\u00bb{}\u00bb custom_padding=\u00bb||68px|||\u00bb][et_pb_column type=\u00bb4_4&#8243; _builder_version=\u00bb4.20.0&#8243; _module_preset=\u00bbdefault\u00bb global_colors_info=\u00bb{}\u00bb][et_pb_text _builder_version=\u00bb4.27.5&#8243; _module_preset=\u00bb_initial\u00bb header_font=\u00bb&#8211;et_global_body_font|700||on|||||\u00bb header_text_color=\u00bb#000000&#8243; header_font_size=\u00bb9vw\u00bb header_letter_spacing=\u00bb-0.02em\u00bb custom_margin=\u00bb||0px||false|false\u00bb hover_enabled=\u00bb0&#8243; global_colors_info=\u00bb{}\u00bb sticky_enabled=\u00bb0&#8243;]<\/p>\n<h1>RESULTADOS Y<\/h1>\n<p>[\/et_pb_text][et_pb_text _builder_version=\u00bb4.27.5&#8243; _module_preset=\u00bb_initial\u00bb header_font=\u00bb&#8211;et_global_body_font|||on|||||\u00bb header_text_color=\u00bb#000000&#8243; header_font_size=\u00bb13vw\u00bb header_line_height=\u00bb0.8em\u00bb hover_enabled=\u00bb0&#8243; global_colors_info=\u00bb{}\u00bb header_2_font=\u00bb&#8211;et_global_body_font||||||||\u00bb header_2_font_size=\u00bb66px\u00bb header_2_text_color=\u00bb#000000&#8243; sticky_enabled=\u00bb0&#8243;]<\/p>\n<h2>RECURSOS<\/h2>\n<p>[\/et_pb_text][\/et_pb_column][\/et_pb_row][\/et_pb_section][et_pb_section fb_built=\u00bb1&#8243; admin_label=\u00bbEvent Schedule\u00bb _builder_version=\u00bb4.27.5&#8243; _module_preset=\u00bbdefault\u00bb background_color=\u00bbgcid-3be8d3fa-8b11-41b4-b614-e601c43d7597&#8243; hover_enabled=\u00bb0&#8243; border_color_all=\u00bb#000000&#8243; collapsed=\u00bbon\u00bb global_colors_info=\u00bb{%22gcid-3be8d3fa-8b11-41b4-b614-e601c43d7597%22:%91%22background_color%22%93}\u00bb sticky_enabled=\u00bb0&#8243;][et_pb_row _builder_version=\u00bb4.20.0&#8243; _module_preset=\u00bbdefault\u00bb width=\u00bb90%\u00bb max_width=\u00bb1400px\u00bb global_colors_info=\u00bb{}\u00bb][et_pb_column type=\u00bb4_4&#8243; _builder_version=\u00bb4.20.0&#8243; _module_preset=\u00bbdefault\u00bb global_colors_info=\u00bb{}\u00bb][et_pb_image src=\u00bbhttps:\/\/www.rulesswaste.com\/wp-content\/uploads\/2025\/12\/comestibles-entregados-en-caja-de-carton-scaled.jpg\u00bb title_text=\u00bbcomestibles-entregados-en-caja-de-carton\u00bb _builder_version=\u00bb4.27.5&#8243; _module_preset=\u00bbdefault\u00bb hover_enabled=\u00bb0&#8243; global_colors_info=\u00bb{}\u00bb sticky_enabled=\u00bb0&#8243;][\/et_pb_image][\/et_pb_column][\/et_pb_row][et_pb_row _builder_version=\u00bb4.20.0&#8243; _module_preset=\u00bbdefault\u00bb width=\u00bb90%\u00bb max_width=\u00bb1400px\u00bb global_colors_info=\u00bb{}\u00bb][et_pb_column type=\u00bb4_4&#8243; _builder_version=\u00bb4.20.0&#8243; _module_preset=\u00bbdefault\u00bb global_colors_info=\u00bb{}\u00bb][et_pb_text quote_border_color=\u00bb#e47138&#8243; _builder_version=\u00bb4.27.5&#8243; _module_preset=\u00bb_initial\u00bb text_text_color=\u00bb#000000&#8243; text_font_size=\u00bb16px\u00bb text_line_height=\u00bb1.8em\u00bb link_font=\u00bb||||||||\u00bb link_text_color=\u00bb#e47138&#8243; quote_font=\u00bbArchivo|800|||||||\u00bb quote_font_size=\u00bb25px\u00bb quote_line_height=\u00bb1.4em\u00bb text_orientation=\u00bbright\u00bb hover_enabled=\u00bb0&#8243; text_font_size_tablet=\u00bb15px\u00bb text_font_size_phone=\u00bb14px\u00bb text_font_size_last_edited=\u00bbon|desktop\u00bb quote_font_size_tablet=\u00bb20px\u00bb quote_font_size_phone=\u00bb16px\u00bb quote_font_size_last_edited=\u00bbon|desktop\u00bb text_orientation_tablet=\u00bbleft\u00bb text_orientation_phone=\u00bbleft\u00bb text_orientation_last_edited=\u00bbon|tablet\u00bb global_colors_info=\u00bb{}\u00bb sticky_enabled=\u00bb0&#8243;]<\/p>\n<p style=\"text-align: center;\">Explora los entregables p\u00fablicos, materiales pr\u00e1cticos y casos de \u00e9xito de los cinco estudios de caso rurales en Asturias. Encuentra gu\u00edas, folletos, v\u00eddeos y recomendaciones de pol\u00edtica que apoyan la reducci\u00f3n escalable del desperdicio alimentario en entornos rurales.<\/p>\n<p>[\/et_pb_text][\/et_pb_column][\/et_pb_row][\/et_pb_section][et_pb_section fb_built=\u00bb1&#8243; admin_label=\u00bbFooter\u00bb _builder_version=\u00bb4.27.5&#8243; _module_preset=\u00bbdefault\u00bb custom_padding=\u00bb0px||0px||true|false\u00bb hover_enabled=\u00bb0&#8243; saved_tabs=\u00bball\u00bb collapsed=\u00bbon\u00bb global_colors_info=\u00bb{}\u00bb theme_builder_area=\u00bbpost_content\u00bb border_width_top=\u00bb8px\u00bb sticky_enabled=\u00bb0&#8243; border_color_top=\u00bb#000000&#8243;][et_pb_row _builder_version=\u00bb4.20.0&#8243; _module_preset=\u00bbdefault\u00bb width=\u00bb100%\u00bb max_width=\u00bbnone\u00bb custom_padding=\u00bb0px||0px||true|false\u00bb locked=\u00bboff\u00bb global_colors_info=\u00bb{}\u00bb theme_builder_area=\u00bbpost_content\u00bb][et_pb_column type=\u00bb4_4&#8243; _builder_version=\u00bb4.20.0&#8243; _module_preset=\u00bbdefault\u00bb global_colors_info=\u00bb{}\u00bb theme_builder_area=\u00bbpost_content\u00bb][et_pb_image src=\u00bbhttps:\/\/www.rulesswaste.com\/wp-content\/uploads\/2025\/12\/vegetales-frescos-planos-laicos-estilo-de-vida-saludable-scaled.jpg\u00bb title_text=\u00bbFresh vegetables flat lay healthy lifestyle\u00bb force_fullwidth=\u00bbon\u00bb _builder_version=\u00bb4.27.5&#8243; _module_preset=\u00bbdefault\u00bb hover_enabled=\u00bb0&#8243; global_colors_info=\u00bb{}\u00bb theme_builder_area=\u00bbpost_content\u00bb custom_css_main_element=\u00bbimg {||  max-height: 300px !important;||  object-fit: cover;||  object-position: center;||||}\u00bb sticky_enabled=\u00bb0&#8243;][\/et_pb_image][\/et_pb_column][\/et_pb_row][\/et_pb_section][et_pb_section fb_built=\u00bb1&#8243; admin_label=\u00bbFooter\u00bb _builder_version=\u00bb4.27.5&#8243; _module_preset=\u00bbdefault\u00bb background_color=\u00bb#FDE12D\u00bb border_width_top=\u00bb8px\u00bb border_color_top=\u00bb#000000&#8243; saved_tabs=\u00bball\u00bb collapsed=\u00bbon\u00bb global_colors_info=\u00bb{}\u00bb global_module=\u00bb114&#8243; theme_builder_area=\u00bbpost_content\u00bb][et_pb_row column_structure=\u00bb1_4,1_2,1_4&#8243; make_equal=\u00bbon\u00bb _builder_version=\u00bb4.27.5&#8243; _module_preset=\u00bbdefault\u00bb width=\u00bb90%\u00bb max_width=\u00bbnone\u00bb module_alignment=\u00bbcenter\u00bb custom_padding=\u00bb||17px|||\u00bb global_colors_info=\u00bb{}\u00bb theme_builder_area=\u00bbpost_content\u00bb][et_pb_column type=\u00bb1_4&#8243; _builder_version=\u00bb4.27.5&#8243; _module_preset=\u00bbdefault\u00bb global_colors_info=\u00bb{}\u00bb theme_builder_area=\u00bbpost_content\u00bb][et_pb_image src=\u00bbhttps:\/\/www.rulesswaste.com\/wp-content\/uploads\/2025\/12\/Logo-2-Rulesswaste-negro.png\u00bb title_text=\u00bbLogo 2 Rulesswaste negro\u00bb align=\u00bbcenter\u00bb _builder_version=\u00bb4.27.5&#8243; _module_preset=\u00bbdefault\u00bb global_colors_info=\u00bb{}\u00bb theme_builder_area=\u00bbpost_content\u00bb][\/et_pb_image][et_pb_social_media_follow icon_color=\u00bb#FDE12D\u00bb _builder_version=\u00bb4.27.5&#8243; _module_preset=\u00bbdefault\u00bb text_orientation=\u00bbcenter\u00bb global_colors_info=\u00bb{}\u00bb theme_builder_area=\u00bbpost_content\u00bb][et_pb_social_media_follow_network social_network=\u00bbfacebook\u00bb url=\u00bbhttps:\/\/www.facebook.com\/profile.php?id=61582118464113#\u00bb icon_color=\u00bb#FDE12D\u00bb _builder_version=\u00bb4.27.5&#8243; _module_preset=\u00bbdefault\u00bb background_color=\u00bb#000000&#8243; background_enable_color=\u00bbon\u00bb global_colors_info=\u00bb{}\u00bb theme_builder_area=\u00bbpost_content\u00bb follow_button=\u00bboff\u00bb url_new_window=\u00bbon\u00bb]facebook[\/et_pb_social_media_follow_network][et_pb_social_media_follow_network social_network=\u00bbinstagram\u00bb url=\u00bbhttps:\/\/www.instagram.com\/rulesswaste\/?fbclid=IwY2xjawOjpyFleHRuA2FlbQIxMQBicmlkETBhYk83WVEzeW1qT2trMjVyc3J0YwZhcHBfaWQBMAABHlRZMCK6bibk0GLpMDNYxAyk7IPa_G6EHvsM-LC1N38CgeMcK4bgz7ndGkvr_aem_kb5dSRtaCMYF3kWq_GvIzw\u00bb _builder_version=\u00bb4.27.5&#8243; _module_preset=\u00bbdefault\u00bb background_color=\u00bb#000000&#8243; background_enable_color=\u00bbon\u00bb global_colors_info=\u00bb{}\u00bb theme_builder_area=\u00bbpost_content\u00bb follow_button=\u00bboff\u00bb url_new_window=\u00bbon\u00bb]instagram[\/et_pb_social_media_follow_network][et_pb_social_media_follow_network social_network=\u00bblinkedin\u00bb url=\u00bbhttps:\/\/www.linkedin.com\/company\/rulesswaste\/\u00bb _builder_version=\u00bb4.27.5&#8243; _module_preset=\u00bbdefault\u00bb background_color=\u00bb#000000&#8243; background_enable_color=\u00bbon\u00bb global_colors_info=\u00bb{}\u00bb theme_builder_area=\u00bbpost_content\u00bb follow_button=\u00bboff\u00bb url_new_window=\u00bbon\u00bb]linkedin[\/et_pb_social_media_follow_network][et_pb_social_media_follow_network social_network=\u00bbyoutube\u00bb _builder_version=\u00bb4.27.5&#8243; _module_preset=\u00bbdefault\u00bb background_color=\u00bb#000000&#8243; background_enable_color=\u00bbon\u00bb global_colors_info=\u00bb{}\u00bb theme_builder_area=\u00bbpost_content\u00bb follow_button=\u00bboff\u00bb url_new_window=\u00bbon\u00bb]youtube[\/et_pb_social_media_follow_network][\/et_pb_social_media_follow][\/et_pb_column][et_pb_column type=\u00bb1_2&#8243; _builder_version=\u00bb4.20.0&#8243; _module_preset=\u00bbdefault\u00bb global_colors_info=\u00bb{}\u00bb theme_builder_area=\u00bbpost_content\u00bb][et_pb_text _builder_version=\u00bb4.27.5&#8243; _module_preset=\u00bbdefault\u00bb text_font=\u00bbWork Sans||||||||\u00bb text_font_size=\u00bb18px\u00bb header_font_size=\u00bb36px\u00bb header_6_font=\u00bb&#8211;et_global_body_font||||||||\u00bb header_6_font_size=\u00bb16px\u00bb text_orientation=\u00bbcenter\u00bb module_alignment=\u00bbcenter\u00bb height=\u00bb100%\u00bb max_height=\u00bb100%\u00bb custom_padding=\u00bb0px||||false|false\u00bb custom_css_main_element=\u00bbdisplay: flex;||flex-direction: column;||justify-content: center;||height: 100%;||\u00bb global_colors_info=\u00bb{}\u00bb theme_builder_area=\u00bbpost_content\u00bb]<\/p>\n<h6 style=\"text-align: center;\">This project has recieved funding from the European Single Market Programme (SMP-FOOD-2024-FW-STAKEHOLDERS-PJ) under the Grant Agreement: 101216689<\/h6>\n<p>[\/et_pb_text][\/et_pb_column][et_pb_column type=\u00bb1_4&#8243; _builder_version=\u00bb4.20.0&#8243; _module_preset=\u00bbdefault\u00bb global_colors_info=\u00bb{}\u00bb theme_builder_area=\u00bbpost_content\u00bb][et_pb_image src=\u00bbhttps:\/\/www.rulesswaste.com\/wp-content\/uploads\/2025\/12\/EN_FundedbytheEU_RGB_BLACK-scaled.png\u00bb title_text=\u00bbEN_FundedbytheEU_RGB_BLACK\u00bb _builder_version=\u00bb4.27.5&#8243; _module_preset=\u00bbdefault\u00bb custom_margin=\u00bb||-2px|||\u00bb custom_padding=\u00bb|2px||||\u00bb global_colors_info=\u00bb{}\u00bb theme_builder_area=\u00bbpost_content\u00bb][\/et_pb_image][et_pb_text _builder_version=\u00bb4.27.5&#8243; _module_preset=\u00bbdefault\u00bb custom_margin=\u00bb4px|||||\u00bb global_colors_info=\u00bb{}\u00bb theme_builder_area=\u00bbpost_content\u00bb]<\/p>\n<p>Funded by the European Union. Views and opinions expressed are however those of the author(s) only and do not necessarily reflect those of the European Union. Neither the European Union nor the granting authority can be held responsible for them.<\/p>\n<p>[\/et_pb_text][\/et_pb_column][\/et_pb_row][\/et_pb_section]<\/p>\n","protected":false},"excerpt":{"rendered":"<p>RESULTADOS YRECURSOSExplora los entregables p\u00fablicos, materiales pr\u00e1cticos y casos de \u00e9xito de los cinco estudios de caso rurales en Asturias. Encuentra gu\u00edas, folletos, v\u00eddeos y recomendaciones de pol\u00edtica que apoyan la reducci\u00f3n escalable del desperdicio alimentario en entornos rurales.This project has recieved funding from the European Single Market Programme (SMP-FOOD-2024-FW-STAKEHOLDERS-PJ) under the Grant Agreement: 101216689Funded [&hellip;]<\/p>\n","protected":false},"author":1,"featured_media":0,"parent":0,"menu_order":0,"comment_status":"closed","ping_status":"closed","template":"","meta":{"_et_pb_use_builder":"on","_et_pb_old_content":"","_et_gb_content_width":"","footnotes":""},"class_list":["post-390","page","type-page","status-publish","hentry"],"_links":{"self":[{"href":"https:\/\/www.rulesswaste.com\/es\/wp-json\/wp\/v2\/pages\/390","targetHints":{"allow":["GET"]}}],"collection":[{"href":"https:\/\/www.rulesswaste.com\/es\/wp-json\/wp\/v2\/pages"}],"about":[{"href":"https:\/\/www.rulesswaste.com\/es\/wp-json\/wp\/v2\/types\/page"}],"author":[{"embeddable":true,"href":"https:\/\/www.rulesswaste.com\/es\/wp-json\/wp\/v2\/users\/1"}],"replies":[{"embeddable":true,"href":"https:\/\/www.rulesswaste.com\/es\/wp-json\/wp\/v2\/comments?post=390"}],"version-history":[{"count":2,"href":"https:\/\/www.rulesswaste.com\/es\/wp-json\/wp\/v2\/pages\/390\/revisions"}],"predecessor-version":[{"id":392,"href":"https:\/\/www.rulesswaste.com\/es\/wp-json\/wp\/v2\/pages\/390\/revisions\/392"}],"wp:attachment":[{"href":"https:\/\/www.rulesswaste.com\/es\/wp-json\/wp\/v2\/media?parent=390"}],"curies":[{"name":"wp","href":"https:\/\/api.w.org\/{rel}","templated":true}]}}